{"id":170,"date":"2017-11-26T01:08:31","date_gmt":"2017-11-26T01:08:31","guid":{"rendered":"http:\/\/www.thesupremesgirls.com\/?page_id=2"},"modified":"2022-02-12T21:12:52","modified_gmt":"2022-02-12T20:12:52","slug":"accueil-2","status":"publish","type":"page","link":"https:\/\/thesupremesgirls.com\/","title":{"rendered":"Home"},"content":{"rendered":"<h3 style=\"text-align: center;\"><em>Jazz Soul Funk Disco Divas<br \/>\n. . .<\/em><\/h3>\n<p>&nbsp;<\/p>\n<div class='content-column two_fifth'><div style=\"padding-right:40px;padding-left:0px;\"><p><img loading=\"lazy\" decoding=\"async\" class=\"aligncenter wp-image-109 size-full\" src=\"http:\/\/www.thesupremesgirls.com\/wp-content\/uploads\/2017\/11\/23472372_1474583945982919_8711289220620964706_n.jpg\" alt=\"\" width=\"794\" height=\"794\" \/><\/p><\/div><\/div>\n<div class='content-column three_fifth last_column'><div style=\"padding-right:10px;padding-left:10px;\"><h1 style=\"text-align: left;\">The Supremes Girls<\/h1>\n<h3 style=\"text-align: left;\">Tribute \u00e0 Diana Ross et les Supremes\u2026<\/h3>\n<h4>Piano et trois Supremes voix\u2026<\/h4>\n<h4>Piano, basse, batterie guitare et trois Supremes voix\u2026<\/h4>\n<h4>Orchestre complet avec cuivres et trois Supremes voix\u2026<\/h4>\n<p>Enregistrement live :<\/p>\n<audio class=\"wp-audio-shortcode\" id=\"audio-170-1\" preload=\"none\" style=\"width: 100%;\" controls=\"controls\"><source type=\"audio\/mpeg\" src=\"http:\/\/www.thesupremesgirls.com\/wp-content\/uploads\/2017\/11\/01-medley-stop-mix-vintage-2.mp3?_=1\" \/><a href=\"http:\/\/www.thesupremesgirls.com\/wp-content\/uploads\/2017\/11\/01-medley-stop-mix-vintage-2.mp3\">http:\/\/www.thesupremesgirls.com\/wp-content\/uploads\/2017\/11\/01-medley-stop-mix-vintage-2.mp3<\/a><\/audio>\n<p>&nbsp;<\/p><\/div><\/div><div class='clear_column'><\/div>\n<h4 class=\"oner\">The Supremes Girls s\u2019adapte \u00e0 la taille de vos \u00e9v\u00e8nements en France et \u00e0 l\u2019\u00e9tranger<\/h4>\n<div class='content-column two_third'><div style=\"padding-right:10px;padding-left:0px;\"><p><img loading=\"lazy\" decoding=\"async\" class=\"alignnone wp-image-70\" src=\"http:\/\/www.thesupremesgirls.com\/wp-content\/uploads\/2017\/11\/the-supremes-girls-disco-3-1024x768.jpg\" alt=\"The Supremes Girls\" width=\"540\" height=\"405\" \/><br \/><\/div><\/div>\n<div class='content-column one_third last_column'><h3>Du quartet au big band<\/h3>\n<p><img loading=\"lazy\" decoding=\"async\" class=\"alignnone wp-image-23 size-full\" style=\"font-size: 1.5rem;\" src=\"http:\/\/www.thesupremesgirls.com\/wp-content\/uploads\/2017\/11\/23434899_1614037631975809_3031864635095021565_n.jpg\" alt=\"Du quartet au big band, The Supremes Girls s\u2019adapte \u00e0 la taille de vos \u00e9v\u00e8nements en France et \u00e0 l\u2019\u00e9tranger\" width=\"960\" height=\"484\" \/><\/p>\n<p>Love Hangover<\/p>\n<audio class=\"wp-audio-shortcode\" id=\"audio-170-2\" preload=\"none\" style=\"width: 100%;\" controls=\"controls\"><source type=\"audio\/mpeg\" src=\"http:\/\/www.thesupremesgirls.com\/wp-content\/uploads\/2017\/11\/04-love-hangover-mix-vintage.mp3?_=2\" \/><a href=\"http:\/\/www.thesupremesgirls.com\/wp-content\/uploads\/2017\/11\/04-love-hangover-mix-vintage.mp3\">http:\/\/www.thesupremesgirls.com\/wp-content\/uploads\/2017\/11\/04-love-hangover-mix-vintage.mp3<\/a><\/audio>\n<p>The Lady is a Tramp<\/p>\n<audio class=\"wp-audio-shortcode\" id=\"audio-170-3\" preload=\"none\" style=\"width: 100%;\" controls=\"controls\"><source type=\"audio\/mpeg\" src=\"http:\/\/www.thesupremesgirls.com\/wp-content\/uploads\/2017\/11\/02-queen-of-the-house-mix-vintage-1.mp3?_=3\" \/><a href=\"http:\/\/www.thesupremesgirls.com\/wp-content\/uploads\/2017\/11\/02-queen-of-the-house-mix-vintage-1.mp3\">http:\/\/www.thesupremesgirls.com\/wp-content\/uploads\/2017\/11\/02-queen-of-the-house-mix-vintage-1.mp3<\/a><\/audio><\/div><div class='clear_column'><\/div><br \/>\n<a name=\"gallerie\"><\/a><\/p>\n<h2 id=\"#gallerie\">Gallerie<\/h2>\n<div class='content-column one_half'><div style=\"padding-right:10px;padding-left:10px;\"><iframe loading=\"lazy\" src=\"https:\/\/www.youtube.com\/embed\/UU2IRcNdsgQ?rel=0&amp;showinfo=0\" width=\"560\" height=\"315\" frameborder=\"0\" allowfullscreen=\"allowfullscreen\"><\/iframe><br \/><\/div><\/div>\n<div class='content-column one_half last_column'><div style=\"padding-right:10px;padding-left:10px;\"><iframe loading=\"lazy\" src=\"https:\/\/www.youtube.com\/embed\/3_7XLHvUO4M?rel=0&amp;showinfo=0\" width=\"560\" height=\"315\" frameborder=\"0\" allowfullscreen=\"allowfullscreen\"><\/iframe><br \/><\/div><\/div><div class='clear_column'><\/div>\n\n\t\t<style type=\"text\/css\">\n\t\t\t#gallery-1 {\n\t\t\t\tmargin: auto;\n\t\t\t}\n\t\t\t#gallery-1 .gallery-item {\n\t\t\t\tfloat: left;\n\t\t\t\tmargin-top: 10px;\n\t\t\t\ttext-align: center;\n\t\t\t\twidth: 33%;\n\t\t\t}\n\t\t\t#gallery-1 img {\n\t\t\t\tborder: 2px solid #cfcfcf;\n\t\t\t}\n\t\t\t#gallery-1 .gallery-caption {\n\t\t\t\tmargin-left: 0;\n\t\t\t}\n\t\t\t\/* see gallery_shortcode() in wp-includes\/media.php *\/\n\t\t<\/style>\n\t\t<div id='gallery-1' class='gallery galleryid-170 gallery-columns-3 gallery-size-medium'><dl class='gallery-item'>\n\t\t\t<dt class='gallery-icon portrait'>\n\t\t\t\t<img loading=\"lazy\" decoding=\"async\" width=\"228\" height=\"300\" src=\"https:\/\/thesupremesgirls.com\/wp-content\/uploads\/2022\/02\/23434939_1274122042733163_9163998703175265411_n-228x300.jpg\" class=\"attachment-medium size-medium\" alt=\"\" srcset=\"https:\/\/thesupremesgirls.com\/wp-content\/uploads\/2022\/02\/23434939_1274122042733163_9163998703175265411_n-228x300.jpg 228w, https:\/\/thesupremesgirls.com\/wp-content\/uploads\/2022\/02\/23434939_1274122042733163_9163998703175265411_n.jpg 565w\" sizes=\"auto, (max-width: 228px) 100vw, 228px\" \/>\n\t\t\t<\/dt><\/dl><dl class='gallery-item'>\n\t\t\t<dt class='gallery-icon landscape'>\n\t\t\t\t<img loading=\"lazy\" decoding=\"async\" width=\"300\" height=\"151\" src=\"https:\/\/thesupremesgirls.com\/wp-content\/uploads\/2022\/02\/23434899_1614037631975809_3031864635095021565_n-300x151.jpg\" class=\"attachment-medium size-medium\" alt=\"\" srcset=\"https:\/\/thesupremesgirls.com\/wp-content\/uploads\/2022\/02\/23434899_1614037631975809_3031864635095021565_n-300x151.jpg 300w, https:\/\/thesupremesgirls.com\/wp-content\/uploads\/2022\/02\/23434899_1614037631975809_3031864635095021565_n-768x387.jpg 768w, https:\/\/thesupremesgirls.com\/wp-content\/uploads\/2022\/02\/23434899_1614037631975809_3031864635095021565_n.jpg 960w\" sizes=\"auto, (max-width: 300px) 100vw, 300px\" \/>\n\t\t\t<\/dt><\/dl><dl class='gallery-item'>\n\t\t\t<dt class='gallery-icon portrait'>\n\t\t\t\t<img loading=\"lazy\" decoding=\"async\" width=\"237\" height=\"300\" src=\"https:\/\/thesupremesgirls.com\/wp-content\/uploads\/2022\/02\/23471951_1594189910644913_8817291448547680919_n-237x300.jpg\" class=\"attachment-medium size-medium\" alt=\"\" srcset=\"https:\/\/thesupremesgirls.com\/wp-content\/uploads\/2022\/02\/23471951_1594189910644913_8817291448547680919_n-237x300.jpg 237w, https:\/\/thesupremesgirls.com\/wp-content\/uploads\/2022\/02\/23471951_1594189910644913_8817291448547680919_n.jpg 597w\" sizes=\"auto, (max-width: 237px) 100vw, 237px\" \/>\n\t\t\t<\/dt><\/dl><br style=\"clear: both\" \/><dl class='gallery-item'>\n\t\t\t<dt class='gallery-icon landscape'>\n\t\t\t\t<img loading=\"lazy\" decoding=\"async\" width=\"300\" height=\"169\" src=\"https:\/\/thesupremesgirls.com\/wp-content\/uploads\/2022\/02\/couverture-dos-1920x1080-2-300x169.jpg\" class=\"attachment-medium size-medium\" alt=\"\" srcset=\"https:\/\/thesupremesgirls.com\/wp-content\/uploads\/2022\/02\/couverture-dos-1920x1080-2-300x169.jpg 300w, https:\/\/thesupremesgirls.com\/wp-content\/uploads\/2022\/02\/couverture-dos-1920x1080-2-1024x576.jpg 1024w, https:\/\/thesupremesgirls.com\/wp-content\/uploads\/2022\/02\/couverture-dos-1920x1080-2-768x432.jpg 768w, https:\/\/thesupremesgirls.com\/wp-content\/uploads\/2022\/02\/couverture-dos-1920x1080-2-1536x864.jpg 1536w, https:\/\/thesupremesgirls.com\/wp-content\/uploads\/2022\/02\/couverture-dos-1920x1080-2.jpg 1920w\" sizes=\"auto, (max-width: 300px) 100vw, 300px\" \/>\n\t\t\t<\/dt><\/dl><dl class='gallery-item'>\n\t\t\t<dt class='gallery-icon landscape'>\n\t\t\t\t<img loading=\"lazy\" decoding=\"async\" width=\"300\" height=\"211\" src=\"https:\/\/thesupremesgirls.com\/wp-content\/uploads\/2022\/02\/interior-1-300x211.jpg\" class=\"attachment-medium size-medium\" alt=\"\" srcset=\"https:\/\/thesupremesgirls.com\/wp-content\/uploads\/2022\/02\/interior-1-300x211.jpg 300w, https:\/\/thesupremesgirls.com\/wp-content\/uploads\/2022\/02\/interior-1-1024x722.jpg 1024w, https:\/\/thesupremesgirls.com\/wp-content\/uploads\/2022\/02\/interior-1-768x541.jpg 768w, https:\/\/thesupremesgirls.com\/wp-content\/uploads\/2022\/02\/interior-1-1536x1083.jpg 1536w, https:\/\/thesupremesgirls.com\/wp-content\/uploads\/2022\/02\/interior-1-2048x1444.jpg 2048w\" sizes=\"auto, (max-width: 300px) 100vw, 300px\" \/>\n\t\t\t<\/dt><\/dl><dl class='gallery-item'>\n\t\t\t<dt class='gallery-icon landscape'>\n\t\t\t\t<img loading=\"lazy\" decoding=\"async\" width=\"300\" height=\"200\" src=\"https:\/\/thesupremesgirls.com\/wp-content\/uploads\/2022\/02\/DSC01470-385x257-1-300x200.jpg\" class=\"attachment-medium size-medium\" alt=\"\" srcset=\"https:\/\/thesupremesgirls.com\/wp-content\/uploads\/2022\/02\/DSC01470-385x257-1-300x200.jpg 300w, https:\/\/thesupremesgirls.com\/wp-content\/uploads\/2022\/02\/DSC01470-385x257-1.jpg 385w\" sizes=\"auto, (max-width: 300px) 100vw, 300px\" \/>\n\t\t\t<\/dt><\/dl><br style=\"clear: both\" \/><dl class='gallery-item'>\n\t\t\t<dt class='gallery-icon landscape'>\n\t\t\t\t<img loading=\"lazy\" decoding=\"async\" width=\"300\" height=\"225\" src=\"https:\/\/thesupremesgirls.com\/wp-content\/uploads\/2022\/02\/the-supremes-cars-titre-300x225.jpg\" class=\"attachment-medium size-medium\" alt=\"\" srcset=\"https:\/\/thesupremesgirls.com\/wp-content\/uploads\/2022\/02\/the-supremes-cars-titre-300x225.jpg 300w, https:\/\/thesupremesgirls.com\/wp-content\/uploads\/2022\/02\/the-supremes-cars-titre-90x68.jpg 90w, https:\/\/thesupremesgirls.com\/wp-content\/uploads\/2022\/02\/the-supremes-cars-titre.jpg 720w\" sizes=\"auto, (max-width: 300px) 100vw, 300px\" \/>\n\t\t\t<\/dt><\/dl><dl class='gallery-item'>\n\t\t\t<dt class='gallery-icon landscape'>\n\t\t\t\t<img loading=\"lazy\" decoding=\"async\" width=\"300\" height=\"263\" src=\"https:\/\/thesupremesgirls.com\/wp-content\/uploads\/2022\/02\/23319161_1273911099420924_7738156197615665151_n-720x630-1-300x263.jpg\" class=\"attachment-medium size-medium\" alt=\"\" srcset=\"https:\/\/thesupremesgirls.com\/wp-content\/uploads\/2022\/02\/23319161_1273911099420924_7738156197615665151_n-720x630-1-300x263.jpg 300w, https:\/\/thesupremesgirls.com\/wp-content\/uploads\/2022\/02\/23319161_1273911099420924_7738156197615665151_n-720x630-1.jpg 720w\" sizes=\"auto, (max-width: 300px) 100vw, 300px\" \/>\n\t\t\t<\/dt><\/dl><dl class='gallery-item'>\n\t\t\t<dt class='gallery-icon landscape'>\n\t\t\t\t<img loading=\"lazy\" decoding=\"async\" width=\"300\" height=\"225\" src=\"https:\/\/thesupremesgirls.com\/wp-content\/uploads\/2022\/02\/13615155_1143332839046293_6977925077479825015_n-300x225-1.jpg\" class=\"attachment-medium size-medium\" alt=\"\" srcset=\"https:\/\/thesupremesgirls.com\/wp-content\/uploads\/2022\/02\/13615155_1143332839046293_6977925077479825015_n-300x225-1.jpg 300w, https:\/\/thesupremesgirls.com\/wp-content\/uploads\/2022\/02\/13615155_1143332839046293_6977925077479825015_n-300x225-1-90x68.jpg 90w\" sizes=\"auto, (max-width: 300px) 100vw, 300px\" \/>\n\t\t\t<\/dt><\/dl><br style=\"clear: both\" \/><dl class='gallery-item'>\n\t\t\t<dt class='gallery-icon landscape'>\n\t\t\t\t<img loading=\"lazy\" decoding=\"async\" width=\"300\" height=\"254\" src=\"https:\/\/thesupremesgirls.com\/wp-content\/uploads\/2022\/02\/24171544_1632212543491651_1978758279_n-745x630-1-300x254.jpg\" class=\"attachment-medium size-medium\" alt=\"\" srcset=\"https:\/\/thesupremesgirls.com\/wp-content\/uploads\/2022\/02\/24171544_1632212543491651_1978758279_n-745x630-1-300x254.jpg 300w, https:\/\/thesupremesgirls.com\/wp-content\/uploads\/2022\/02\/24171544_1632212543491651_1978758279_n-745x630-1.jpg 745w\" sizes=\"auto, (max-width: 300px) 100vw, 300px\" \/>\n\t\t\t<\/dt><\/dl><dl class='gallery-item'>\n\t\t\t<dt class='gallery-icon landscape'>\n\t\t\t\t<img loading=\"lazy\" decoding=\"async\" width=\"300\" height=\"200\" src=\"https:\/\/thesupremesgirls.com\/wp-content\/uploads\/2022\/02\/14962757_1257698680943041_428419410931068079_n-385x257-1-300x200.jpg\" class=\"attachment-medium size-medium\" alt=\"\" srcset=\"https:\/\/thesupremesgirls.com\/wp-content\/uploads\/2022\/02\/14962757_1257698680943041_428419410931068079_n-385x257-1-300x200.jpg 300w, https:\/\/thesupremesgirls.com\/wp-content\/uploads\/2022\/02\/14962757_1257698680943041_428419410931068079_n-385x257-1.jpg 385w\" sizes=\"auto, (max-width: 300px) 100vw, 300px\" \/>\n\t\t\t<\/dt><\/dl><dl class='gallery-item'>\n\t\t\t<dt class='gallery-icon portrait'>\n\t\t\t\t<img loading=\"lazy\" decoding=\"async\" width=\"225\" height=\"300\" src=\"https:\/\/thesupremesgirls.com\/wp-content\/uploads\/2022\/02\/estelle-et-nelly-a\u0300-paris-310-225x300-1.jpg\" class=\"attachment-medium size-medium\" alt=\"\" \/>\n\t\t\t<\/dt><\/dl><br style=\"clear: both\" \/><dl class='gallery-item'>\n\t\t\t<dt class='gallery-icon portrait'>\n\t\t\t\t<img loading=\"lazy\" decoding=\"async\" width=\"225\" height=\"300\" src=\"https:\/\/thesupremesgirls.com\/wp-content\/uploads\/2022\/02\/176979_448296135216637_2083089483_o-225x300-1.jpg\" class=\"attachment-medium size-medium\" alt=\"\" \/>\n\t\t\t<\/dt><\/dl><dl class='gallery-item'>\n\t\t\t<dt class='gallery-icon landscape'>\n\t\t\t\t<img loading=\"lazy\" decoding=\"async\" width=\"300\" height=\"200\" src=\"https:\/\/thesupremesgirls.com\/wp-content\/uploads\/2022\/02\/242642_196388793740707_7002651_o-300x200-1.jpg\" class=\"attachment-medium size-medium\" alt=\"\" \/>\n\t\t\t<\/dt><\/dl><dl class='gallery-item'>\n\t\t\t<dt class='gallery-icon landscape'>\n\t\t\t\t<img loading=\"lazy\" decoding=\"async\" width=\"150\" height=\"150\" src=\"https:\/\/thesupremesgirls.com\/wp-content\/uploads\/2022\/02\/29304_110372389009015_350214_n-150x150-1.jpg\" class=\"attachment-medium size-medium\" alt=\"\" \/>\n\t\t\t<\/dt><\/dl><br style=\"clear: both\" \/><dl class='gallery-item'>\n\t\t\t<dt class='gallery-icon portrait'>\n\t\t\t\t<img loading=\"lazy\" decoding=\"async\" width=\"288\" height=\"300\" src=\"https:\/\/thesupremesgirls.com\/wp-content\/uploads\/2022\/02\/23380194_1594189350644969_5779934734996989955_n-604x630-1-288x300.jpg\" class=\"attachment-medium size-medium\" alt=\"\" srcset=\"https:\/\/thesupremesgirls.com\/wp-content\/uploads\/2022\/02\/23380194_1594189350644969_5779934734996989955_n-604x630-1-288x300.jpg 288w, https:\/\/thesupremesgirls.com\/wp-content\/uploads\/2022\/02\/23380194_1594189350644969_5779934734996989955_n-604x630-1.jpg 604w\" sizes=\"auto, (max-width: 288px) 100vw, 288px\" \/>\n\t\t\t<\/dt><\/dl><dl class='gallery-item'>\n\t\t\t<dt class='gallery-icon portrait'>\n\t\t\t\t<img loading=\"lazy\" decoding=\"async\" width=\"226\" height=\"300\" src=\"https:\/\/thesupremesgirls.com\/wp-content\/uploads\/2022\/02\/supremes-7-aout-006-226x300.jpg\" class=\"attachment-medium size-medium\" alt=\"\" srcset=\"https:\/\/thesupremesgirls.com\/wp-content\/uploads\/2022\/02\/supremes-7-aout-006-226x300.jpg 226w, https:\/\/thesupremesgirls.com\/wp-content\/uploads\/2022\/02\/supremes-7-aout-006-771x1024.jpg 771w, https:\/\/thesupremesgirls.com\/wp-content\/uploads\/2022\/02\/supremes-7-aout-006-768x1020.jpg 768w, https:\/\/thesupremesgirls.com\/wp-content\/uploads\/2022\/02\/supremes-7-aout-006-1157x1536.jpg 1157w, https:\/\/thesupremesgirls.com\/wp-content\/uploads\/2022\/02\/supremes-7-aout-006-1543x2048.jpg 1543w, https:\/\/thesupremesgirls.com\/wp-content\/uploads\/2022\/02\/supremes-7-aout-006-scaled.jpg 1928w\" sizes=\"auto, (max-width: 226px) 100vw, 226px\" \/>\n\t\t\t<\/dt><\/dl><dl class='gallery-item'>\n\t\t\t<dt class='gallery-icon landscape'>\n\t\t\t\t<img loading=\"lazy\" decoding=\"async\" width=\"300\" height=\"259\" src=\"https:\/\/thesupremesgirls.com\/wp-content\/uploads\/2022\/02\/DSCF0684-300x259-1.jpg\" class=\"attachment-medium size-medium\" alt=\"\" \/>\n\t\t\t<\/dt><\/dl><br style=\"clear: both\" \/>\n\t\t<\/div>\n\n\n<p><a name=\"contact\"><\/a><\/p>\n<h2 id=\"#contact\">Contact<\/h2>\n<div class='content-column one_half'><div style=\"padding-right:10px;padding-left:0px;\"><div role=\"form\" class=\"wpcf7\" id=\"wpcf7-f175-o1\" lang=\"fr-FR\" dir=\"ltr\">\n<div class=\"screen-reader-response\"><p role=\"status\" aria-live=\"polite\" aria-atomic=\"true\"><\/p> <ul><\/ul><\/div>\n<form action=\"\/index.php\/wp-json\/wp\/v2\/pages\/170#wpcf7-f175-o1\" method=\"post\" class=\"wpcf7-form init\" novalidate=\"novalidate\" data-status=\"init\">\n<div style=\"display: none;\">\n<input type=\"hidden\" name=\"_wpcf7\" value=\"175\" \/>\n<input type=\"hidden\" name=\"_wpcf7_version\" value=\"5.5.4\" \/>\n<input type=\"hidden\" name=\"_wpcf7_locale\" value=\"fr_FR\" \/>\n<input type=\"hidden\" name=\"_wpcf7_unit_tag\" value=\"wpcf7-f175-o1\" \/>\n<input type=\"hidden\" name=\"_wpcf7_container_post\" value=\"0\" \/>\n<input type=\"hidden\" name=\"_wpcf7_posted_data_hash\" value=\"\" \/>\n<\/div>\n<p><label> Votre message (facultatif)<br \/>\n    <span class=\"wpcf7-form-control-wrap your-message\"><textarea name=\"your-message\" cols=\"40\" rows=\"10\" class=\"wpcf7-form-control wpcf7-textarea\" aria-invalid=\"false\"><\/textarea><\/span> <\/label><br \/>\n<label> Objet<br \/>\n    <span class=\"wpcf7-form-control-wrap your-subject\"><input type=\"text\" name=\"your-subject\" value=\"\" size=\"40\" class=\"wpcf7-form-control wpcf7-text wpcf7-validates-as-required\" aria-required=\"true\" aria-invalid=\"false\" \/><\/span> <\/label><br \/>\n<label> Votre nom<br \/>\n    <span class=\"wpcf7-form-control-wrap your-name\"><input type=\"text\" name=\"your-name\" value=\"\" size=\"40\" class=\"wpcf7-form-control wpcf7-text wpcf7-validates-as-required\" aria-required=\"true\" aria-invalid=\"false\" \/><\/span> <\/label><\/p>\n<p><label> Votre e-mail<br \/>\n    <span class=\"wpcf7-form-control-wrap your-email\"><input type=\"email\" name=\"your-email\" value=\"\" size=\"40\" class=\"wpcf7-form-control wpcf7-text wpcf7-email wpcf7-validates-as-required wpcf7-validates-as-email\" aria-required=\"true\" aria-invalid=\"false\" \/><\/span> <\/label><\/p>\n<p><input type=\"submit\" value=\"Envoyer\" class=\"wpcf7-form-control has-spinner wpcf7-submit\" \/><\/p>\n<div class=\"wpcf7-response-output\" aria-hidden=\"true\"><\/div><\/form><\/div><br \/><\/div><\/div>\n<div class='content-column one_half last_column'><div style=\"padding-right:5px;padding-left:5px;\"><p><iframe loading=\"lazy\" class=\"\" style=\"border: none; visibility: visible; width: 290px; height: 500px;\" title=\"Facebook The Sup\u00eames Girls\" src=\"https:\/\/www.facebook.com\/v2.10\/plugins\/page.php?adapt_container_width=true&amp;app_id=722978824563440&amp;channel=http%3A%2F%2Fstaticxx.facebook.com%2Fconnect%2Fxd_arbiter%2Fr%2FlY4eZXm_YWu.js%3Fversion%3D42%23cb%3Df19101fa0007e4c%26domain%3Dleduplex.com%26origin%3Dhttp%253A%252F%252Fleduplex.com%252Ff4b0eefe2d187%26relation%3Dparent.parent&amp;container_width=290&amp;hide_cover=true&amp;href=https%3A%2F%2Fwww.facebook.com%2FThe-Supr\u00eames-Girls-1473718526069461\/%2F&amp;locale=fr_FR&amp;sdk=joey&amp;show_facepile=true&amp;small_header=false&amp;tabs=timeline\" name=\"f21c313e3a886e4\" width=\"800px\" height=\"1000px\" frameborder=\"0\" scrolling=\"no\" allowfullscreen=\"allowfullscreen\"><\/iframe><\/p><\/div><\/div><div class='clear_column'><\/div>\n","protected":false},"excerpt":{"rendered":"<p>Jazz Soul Funk Disco Divas . . . &nbsp; The Supremes Girls s\u2019adapte \u00e0 la taille de vos \u00e9v\u00e8nements en France et \u00e0 l\u2019\u00e9tranger Gallerie Contact<\/p>\n","protected":false},"author":1,"featured_media":6,"parent":0,"menu_order":0,"comment_status":"closed","ping_status":"open","template":"","meta":{"footnotes":""},"class_list":["post-170","page","type-page","status-publish","has-post-thumbnail","hentry"],"_links":{"self":[{"href":"https:\/\/thesupremesgirls.com\/index.php\/wp-json\/wp\/v2\/pages\/170","targetHints":{"allow":["GET"]}}],"collection":[{"href":"https:\/\/thesupremesgirls.com\/index.php\/wp-json\/wp\/v2\/pages"}],"about":[{"href":"https:\/\/thesupremesgirls.com\/index.php\/wp-json\/wp\/v2\/types\/page"}],"author":[{"embeddable":true,"href":"https:\/\/thesupremesgirls.com\/index.php\/wp-json\/wp\/v2\/users\/1"}],"replies":[{"embeddable":true,"href":"https:\/\/thesupremesgirls.com\/index.php\/wp-json\/wp\/v2\/comments?post=170"}],"version-history":[{"count":16,"href":"https:\/\/thesupremesgirls.com\/index.php\/wp-json\/wp\/v2\/pages\/170\/revisions"}],"predecessor-version":[{"id":478,"href":"https:\/\/thesupremesgirls.com\/index.php\/wp-json\/wp\/v2\/pages\/170\/revisions\/478"}],"wp:featuredmedia":[{"embeddable":true,"href":"https:\/\/thesupremesgirls.com\/index.php\/wp-json\/"}],"wp:attachment":[{"href":"https:\/\/thesupremesgirls.com\/index.php\/wp-json\/wp\/v2\/media?parent=170"}],"curies":[{"name":"wp","href":"https:\/\/api.w.org\/{rel}","templated":true}]}}